{"id":19,"date":"2025-01-12T19:31:26","date_gmt":"2025-01-12T18:31:26","guid":{"rendered":"https:\/\/aktivnisvet.e-apollo.cz\/?page_id=19"},"modified":"2025-06-19T09:23:03","modified_gmt":"2025-06-19T07:23:03","slug":"aktuality","status":"publish","type":"page","link":"https:\/\/aktivnisvet.cz\/?page_id=19","title":{"rendered":"Aktuality"},"content":{"rendered":"\n<p><strong>Program konference je <\/strong><a href=\"https:\/\/aktivnisvet.cz\/wp-content\/uploads\/2025\/06\/Program_KKF2025_WEB.pdf\">ZDE  <\/a><a href=\"https:\/\/aktivnisvet.cz\/wp-content\/uploads\/2025\/06\/Program_KKF2025_WEB.pdf\">Program_KKF2025_WEB<\/a><\/p>\n\n\n\n<p><strong>Abstrakta konference jsou zde<\/strong>  <a href=\"https:\/\/aktivnisvet.cz\/?page_id=29\">Abstrakta konference<\/a><\/p>\n\n\n\n<figure class=\"wp-block-image size-large is-style-default\"><img loading=\"lazy\" decoding=\"async\" width=\"1024\" height=\"472\" src=\"https:\/\/aktivnisvet.cz\/wp-content\/uploads\/2025\/02\/FN-PM_KKF-1024x472.jpg\" alt=\"\" class=\"wp-image-117\" srcset=\"https:\/\/aktivnisvet.cz\/wp-content\/uploads\/2025\/02\/FN-PM_KKF-1024x472.jpg 1024w, https:\/\/aktivnisvet.cz\/wp-content\/uploads\/2025\/02\/FN-PM_KKF-300x138.jpg 300w, https:\/\/aktivnisvet.cz\/wp-content\/uploads\/2025\/02\/FN-PM_KKF-768x354.jpg 768w, https:\/\/aktivnisvet.cz\/wp-content\/uploads\/2025\/02\/FN-PM_KKF-1536x709.jpg 1536w, https:\/\/aktivnisvet.cz\/wp-content\/uploads\/2025\/02\/FN-PM_KKF-940x434.jpg 940w, https:\/\/aktivnisvet.cz\/wp-content\/uploads\/2025\/02\/FN-PM_KKF.jpg 1994w\" sizes=\"(max-width: 1024px) 100vw, 1024px\" \/><\/figure>\n\n\n\n<p>19.6. 2025 <br><strong>KRAJSK\u00dd REVMATOLOGICK\u00dd SEMIN\u00c1\u0158<\/strong> ve FN Plze\u0148 Bory pav. 21, 1. patro<\/p>\n\n\n\n<p>20.6.-21.6.2025 <br>2<strong>4.&nbsp;\u010cESK\u00c1&nbsp;KONFERENCE KLINICK\u00c9 FARMAKOLOGIE<\/strong><br><strong>28.&nbsp;\u010cESK\u00c1&nbsp;KONFERENCE&nbsp;TDM<\/strong><\/p>\n\n\n\n<p>Parkhotel Plze\u0148 &#8211; s\u00e1l Conferenza, registrace naproti recepci<\/p>\n","protected":false},"excerpt":{"rendered":"<p>Program konference je ZDE Program_KKF2025_WEB Abstrakta konference jsou zde Abstrakta konference 19.6. 2025 KRAJSK\u00dd REVMATOLOGICK\u00dd SEMIN\u00c1\u0158 ve FN Plze\u0148 Bory pav. 21, 1. patro 20.6.-21.6.2025 24.&nbsp;\u010cESK\u00c1&nbsp;KONFERENCE KLINICK\u00c9 FARMAKOLOGIE28.&nbsp;\u010cESK\u00c1&nbsp;KONFERENCE&nbsp;TDM Parkhotel Plze\u0148 &#8211; s\u00e1l Conferenza, registrace naproti recepci<\/p>\n","protected":false},"author":1,"featured_media":0,"parent":0,"menu_order":0,"comment_status":"closed","ping_status":"closed","template":"","meta":{"footnotes":""},"class_list":["post-19","page","type-page","status-publish","hentry"],"_links":{"self":[{"href":"https:\/\/aktivnisvet.cz\/index.php?rest_route=\/wp\/v2\/pages\/19"}],"collection":[{"href":"https:\/\/aktivnisvet.cz\/index.php?rest_route=\/wp\/v2\/pages"}],"about":[{"href":"https:\/\/aktivnisvet.cz\/index.php?rest_route=\/wp\/v2\/types\/page"}],"author":[{"embeddable":true,"href":"https:\/\/aktivnisvet.cz\/index.php?rest_route=\/wp\/v2\/users\/1"}],"replies":[{"embeddable":true,"href":"https:\/\/aktivnisvet.cz\/index.php?rest_route=%2Fwp%2Fv2%2Fcomments&post=19"}],"version-history":[{"count":19,"href":"https:\/\/aktivnisvet.cz\/index.php?rest_route=\/wp\/v2\/pages\/19\/revisions"}],"predecessor-version":[{"id":207,"href":"https:\/\/aktivnisvet.cz\/index.php?rest_route=\/wp\/v2\/pages\/19\/revisions\/207"}],"wp:attachment":[{"href":"https:\/\/aktivnisvet.cz\/index.php?rest_route=%2Fwp%2Fv2%2Fmedia&parent=19"}],"curies":[{"name":"wp","href":"https:\/\/api.w.org\/{rel}","templated":true}]}}