{"id":2,"date":"2025-01-10T14:45:09","date_gmt":"2025-01-10T13:45:09","guid":{"rendered":"http:\/\/aktivnisvet.e-apollo.cz\/?page_id=2"},"modified":"2025-06-05T08:55:37","modified_gmt":"2025-06-05T06:55:37","slug":"zkusebni-stranka","status":"publish","type":"page","link":"https:\/\/aktivnisvet.cz\/","title":{"rendered":"\u00davod"},"content":{"rendered":"\n<h2 class=\"wp-block-heading\">24. \u010cESK\u00c1 KONFERENCE KLINICK\u00c9 FARMAKOLOGIE<br>28. \u010cESK\u00c1 KONFERENCE TDM<br>KRAJSK\u00dd REVMATOLOGICK\u00dd SEMIN\u00c1\u0158<\/h2>\n\n\n\n<h2 class=\"wp-block-heading has-white-color has-light-gray-background-color has-text-color has-background has-link-color has-small-font-size wp-elements-3e3960ffbe9706f927e6ec63a94c7943\">Parkhotel Plze\u0148<\/h2>\n\n\n\n<p>Ve dnech <strong>20.6.- 21.6. 2025<\/strong> prob\u011bhne v Plzni <strong>24. \u010cESK\u00c1 KONFERENCE KLINICK\u00c9 FARMAKOLOGIE<\/strong> a <strong>28. \u010cESK\u00c1 KONFERENCE TDM<\/strong>. Bude se konat v Parkhotelu Plze\u0148.<\/p>\n\n\n\n<p>Sou\u010d\u00e1st\u00ed konference bude <strong>19.6. 2025 KRAJSK\u00dd REVMATOLOGICK\u00dd SEMIN\u00c1\u0158<\/strong>, kter\u00fd se bude konat ve FN Plze\u0148 a v Parkhotelu Plze\u0148.<\/p>\n\n\n\n<p>Bli\u017e\u0161\u00ed informace naleznete <a href=\"https:\/\/aktivnisvet.cz\/?page_id=27\" data-type=\"page\" data-id=\"27\">zde<\/a> <\/p>\n\n\n\n<h2 class=\"wp-block-heading has-white-color has-midnight-gradient-background has-text-color has-background has-link-color has-small-font-size wp-elements-c45d2d34f2a1e4e4557ec31d923b6b59\"><a href=\"https:\/\/aktivnisvet.cz\/?page_id=48\" data-type=\"page\" data-id=\"48\">P\u0159ihl\u00e1\u0161en\u00ed na konferenci zde<\/a><\/h2>\n\n\n\n<p><\/p>\n\n\n\n<figure class=\"wp-block-image size-full is-resized\"><img loading=\"lazy\" decoding=\"async\" width=\"800\" height=\"532\" src=\"https:\/\/aktivnisvet.cz\/wp-content\/uploads\/2025\/02\/800x800_1478439636.9762_8560-conferenza_5.jpg\" alt=\"\" class=\"wp-image-113\" style=\"width:665px;height:auto\" srcset=\"https:\/\/aktivnisvet.cz\/wp-content\/uploads\/2025\/02\/800x800_1478439636.9762_8560-conferenza_5.jpg 800w, https:\/\/aktivnisvet.cz\/wp-content\/uploads\/2025\/02\/800x800_1478439636.9762_8560-conferenza_5-300x200.jpg 300w, https:\/\/aktivnisvet.cz\/wp-content\/uploads\/2025\/02\/800x800_1478439636.9762_8560-conferenza_5-768x511.jpg 768w\" sizes=\"(max-width: 800px) 100vw, 800px\" \/><\/figure>\n\n\n\n<figure class=\"wp-block-image size-large is-resized\"><img loading=\"lazy\" decoding=\"async\" width=\"1024\" height=\"683\" src=\"https:\/\/aktivnisvet.cz\/wp-content\/uploads\/2025\/02\/1920x1080_1579549547.3898_3508-Jun_ap-7_kop-1024x683.jpg\" alt=\"\" class=\"wp-image-114\" style=\"width:663px;height:auto\" srcset=\"https:\/\/aktivnisvet.cz\/wp-content\/uploads\/2025\/02\/1920x1080_1579549547.3898_3508-Jun_ap-7_kop-1024x683.jpg 1024w, https:\/\/aktivnisvet.cz\/wp-content\/uploads\/2025\/02\/1920x1080_1579549547.3898_3508-Jun_ap-7_kop-300x200.jpg 300w, https:\/\/aktivnisvet.cz\/wp-content\/uploads\/2025\/02\/1920x1080_1579549547.3898_3508-Jun_ap-7_kop-768x512.jpg 768w, https:\/\/aktivnisvet.cz\/wp-content\/uploads\/2025\/02\/1920x1080_1579549547.3898_3508-Jun_ap-7_kop-1536x1024.jpg 1536w, https:\/\/aktivnisvet.cz\/wp-content\/uploads\/2025\/02\/1920x1080_1579549547.3898_3508-Jun_ap-7_kop-940x627.jpg 940w, https:\/\/aktivnisvet.cz\/wp-content\/uploads\/2025\/02\/1920x1080_1579549547.3898_3508-Jun_ap-7_kop.jpg 1620w\" sizes=\"(max-width: 1024px) 100vw, 1024px\" \/><\/figure>\n","protected":false},"excerpt":{"rendered":"<p>24. \u010cESK\u00c1 KONFERENCE KLINICK\u00c9 FARMAKOLOGIE28. \u010cESK\u00c1 KONFERENCE TDMKRAJSK\u00dd REVMATOLOGICK\u00dd SEMIN\u00c1\u0158 Parkhotel Plze\u0148 Ve dnech 20.6.- 21.6. 2025 prob\u011bhne v Plzni 24. \u010cESK\u00c1 KONFERENCE KLINICK\u00c9 FARMAKOLOGIE a 28. \u010cESK\u00c1 KONFERENCE TDM. Bude se konat v Parkhotelu Plze\u0148. Sou\u010d\u00e1st\u00ed konference bude 19.6. &#8230; <a class=\"more-link\" href=\"https:\/\/aktivnisvet.cz\/\">Read More &raquo;<\/a><\/p>\n","protected":false},"author":1,"featured_media":0,"parent":0,"menu_order":0,"comment_status":"closed","ping_status":"open","template":"","meta":{"footnotes":""},"class_list":["post-2","page","type-page","status-publish","hentry"],"_links":{"self":[{"href":"https:\/\/aktivnisvet.cz\/index.php?rest_route=\/wp\/v2\/pages\/2"}],"collection":[{"href":"https:\/\/aktivnisvet.cz\/index.php?rest_route=\/wp\/v2\/pages"}],"about":[{"href":"https:\/\/aktivnisvet.cz\/index.php?rest_route=\/wp\/v2\/types\/page"}],"author":[{"embeddable":true,"href":"https:\/\/aktivnisvet.cz\/index.php?rest_route=\/wp\/v2\/users\/1"}],"replies":[{"embeddable":true,"href":"https:\/\/aktivnisvet.cz\/index.php?rest_route=%2Fwp%2Fv2%2Fcomments&post=2"}],"version-history":[{"count":17,"href":"https:\/\/aktivnisvet.cz\/index.php?rest_route=\/wp\/v2\/pages\/2\/revisions"}],"predecessor-version":[{"id":190,"href":"https:\/\/aktivnisvet.cz\/index.php?rest_route=\/wp\/v2\/pages\/2\/revisions\/190"}],"wp:attachment":[{"href":"https:\/\/aktivnisvet.cz\/index.php?rest_route=%2Fwp%2Fv2%2Fmedia&parent=2"}],"curies":[{"name":"wp","href":"https:\/\/api.w.org\/{rel}","templated":true}]}}