{"id":31,"date":"2025-01-12T19:32:13","date_gmt":"2025-01-12T18:32:13","guid":{"rendered":"https:\/\/aktivnisvet.e-apollo.cz\/?page_id=31"},"modified":"2025-03-20T19:37:05","modified_gmt":"2025-03-20T18:37:05","slug":"pro-prednasejici","status":"publish","type":"page","link":"https:\/\/aktivnisvet.cz\/?page_id=31","title":{"rendered":"Pro p\u0159edn\u00e1\u0161ej\u00edc\u00ed"},"content":{"rendered":"\n<p>Ka\u017ed\u00fd p\u0159edn\u00e1\u0161ej\u00edc\u00ed mus\u00ed b\u00fdt \u0159\u00e1dn\u011b p\u0159ihl\u00e1\u0161en.<\/p>\n\n\n\n<p>Abstrakta p\u0159edn\u00e1\u0161ek zas\u00edlejte jako p\u0159\u00edlohu v p\u0159ihl\u00e1\u0161ce nejpozd\u011bji do<strong>&nbsp;10.5.2025<\/strong>&nbsp;a to ve form\u00e1tech doc \u010di pdf. V p\u0159\u00edpad\u011b jin\u00fdch form\u00e1t\u016f nebudou abstrakta uvedena v ti\u0161t\u011bn\u00e9 podob\u011b.<\/p>\n\n\n\n<p>V souboru pou\u017e\u00edvejte p\u00edsmo\u00a0Times New Roman\u00a0ve\u00a0velikosti\u00a011\u00a0bod\u016f\u00a0pro cel\u00fd text abstraktu.<br>Pod nadpis napi\u0161te jm\u00e9no(a) autora(\u016f) a p\u0159\u00edslu\u0161nost k dan\u00e9 instituci(\u00edm). Pou\u017eijte n\u00e1sleduj\u00edc\u00ed strukturu:<\/p>\n\n\n\n<p>Cel\u00e9 p\u0159\u00edjmen\u00ed a jm\u00e9no (jednotliv\u00e1 jm\u00e9na odd\u011blujte \u010d\u00e1rkami)<br>P\u0159\u00edslu\u0161nost k dan\u00e9 instituci(\u00edm): odd\u011blen\u00ed, instituce, m\u011bsto, zem\u011b (jednotliv\u00e9 instituce odd\u011blujte st\u0159edn\u00edky) \u2013 instituce napi\u0161te kurz\u00edvou<br>Rozsah abstraktu: max. 3600 znak\u016f v\u010detn\u011b mezer.<\/p>\n\n\n\n<p>Ozn\u00e1men\u00ed o p\u0159ijet\u00ed p\u0159edn\u00e1\u0161ek bude do&nbsp;<strong>30.5.2025<\/strong>.&nbsp;<\/p>\n\n\n\n<p><strong>P\u0159\u00edklad abstrakta<\/strong><br><strong>N\u00e1zev: Monitorov\u00e1n\u00ed s\u00e9rov\u00fdch koncentrac\u00ed monomethyl fumar\u00e1tu u pacient\u016f s roztrou\u0161enou skler\u00f3zou\u00a0<\/strong><br>Jm\u00e9na autor\u016f:\u00a0<sup>1,2<\/sup>Kac\u00ed\u0159ov\u00e1 Ivana,<sup>1,2<\/sup>Grundmann Milan,\u00a0<sup>2<\/sup>Pe\u0161\u00e1kov\u00e1 Veronika,\u00a0<sup>3<\/sup>Kr\u0161ka Ku\u0161n\u00edrikov\u00e1 Zuzana,\u00a0<sup>4,5<\/sup>Hrad\u00edlek Pavel,\u00a0<sup>1,2<\/sup>Brozmanov\u00e1 Hana\u00a0<br>Pracovi\u0161t\u011b:\u00a0<sup>1<\/sup>\u00dastav klinick\u00e9 farmakologie, LF, Ostravsk\u00e1 univerzita;\u00a0<sup>2<\/sup>Odd\u011blen\u00ed klinick\u00e9 farmakologie, \u00daLM, FN Ostrava;\u00a0<sup>3<\/sup>Odd\u011blen\u00ed d\u011btsk\u00e9 neurologie, Neurologick\u00e1 klinika, FN Ostrava;\u00a0<sup>4<\/sup>Neurologick\u00e1 klinika, FN Ostrava;\u00a0<sup>5<\/sup>Katedra klinick\u00fdch neurov\u011bd, LF, OU<\/p>\n\n\n\n<p>\u00davod:<br>C\u00edl:\u00a0<br>Metoda:\u00a0<br>V\u00fdsledky:\u00a0<br>Z\u00e1v\u011br:\u00a0<\/p>\n\n\n\n<p>O za\u0159azen\u00ed p\u0159\u00edsp\u011bvku do odborn\u00e9ho programu a form\u011b prezentace rozhoduje\u00a0v\u011bdeck\u00fd\u00a0v\u00fdbor konference.\u00a0<\/p>\n\n\n\n<p>Pro p\u0159ihl\u00e1\u0161ku je za aktivn\u00edho pova\u017eov\u00e1n v\u017edy pouze hlavn\u00ed autor.<br><\/p>\n\n\n\n<p><strong>T\u00e9mata konference<\/strong>:<br>TDM<br>&nbsp;L\u00e9ky a t\u011bhotenstv\u00ed<br>&nbsp;L\u00e9ky a kojen\u00ed<br>TDM v t\u011bhotenstv\u00ed a p\u0159i kojen\u00ed<br>Analytick\u00e9 metody v TDM<br>Kardiovaskul\u00e1rn\u00ed&nbsp; farmakoterapie, TDM antihypertenziv<br>Klinick\u00e1 farmakologie antirevmatik<br>Ne\u017e\u00e1douc\u00ed \u00fa\u010dinky l\u00e9\u010div, farmakovigilance<br>Aktu\u00e1ln\u00ed ot\u00e1zky klinick\u00e9 farmakologie, v\u00fduka KF<br>Aktu\u00e1ln\u00ed stav klinick\u00e9 farmakologie v&nbsp;\u010cR, SR<br>Varia<br>Jazyk: \u010de\u0161tina, sloven\u0161tina, angli\u010dtina<br><\/p>\n\n\n\n<p><\/p>\n","protected":false},"excerpt":{"rendered":"<p>Ka\u017ed\u00fd p\u0159edn\u00e1\u0161ej\u00edc\u00ed mus\u00ed b\u00fdt \u0159\u00e1dn\u011b p\u0159ihl\u00e1\u0161en. Abstrakta p\u0159edn\u00e1\u0161ek zas\u00edlejte jako p\u0159\u00edlohu v p\u0159ihl\u00e1\u0161ce nejpozd\u011bji do&nbsp;10.5.2025&nbsp;a to ve form\u00e1tech doc \u010di pdf. V p\u0159\u00edpad\u011b jin\u00fdch form\u00e1t\u016f nebudou abstrakta uvedena v ti\u0161t\u011bn\u00e9 podob\u011b. V souboru pou\u017e\u00edvejte p\u00edsmo\u00a0Times New Roman\u00a0ve\u00a0velikosti\u00a011\u00a0bod\u016f\u00a0pro cel\u00fd text abstraktu.Pod &#8230; <a class=\"more-link\" href=\"https:\/\/aktivnisvet.cz\/?page_id=31\">Read More &raquo;<\/a><\/p>\n","protected":false},"author":1,"featured_media":0,"parent":0,"menu_order":0,"comment_status":"closed","ping_status":"closed","template":"","meta":{"footnotes":""},"class_list":["post-31","page","type-page","status-publish","hentry"],"_links":{"self":[{"href":"https:\/\/aktivnisvet.cz\/index.php?rest_route=\/wp\/v2\/pages\/31"}],"collection":[{"href":"https:\/\/aktivnisvet.cz\/index.php?rest_route=\/wp\/v2\/pages"}],"about":[{"href":"https:\/\/aktivnisvet.cz\/index.php?rest_route=\/wp\/v2\/types\/page"}],"author":[{"embeddable":true,"href":"https:\/\/aktivnisvet.cz\/index.php?rest_route=\/wp\/v2\/users\/1"}],"replies":[{"embeddable":true,"href":"https:\/\/aktivnisvet.cz\/index.php?rest_route=%2Fwp%2Fv2%2Fcomments&post=31"}],"version-history":[{"count":8,"href":"https:\/\/aktivnisvet.cz\/index.php?rest_route=\/wp\/v2\/pages\/31\/revisions"}],"predecessor-version":[{"id":162,"href":"https:\/\/aktivnisvet.cz\/index.php?rest_route=\/wp\/v2\/pages\/31\/revisions\/162"}],"wp:attachment":[{"href":"https:\/\/aktivnisvet.cz\/index.php?rest_route=%2Fwp%2Fv2%2Fmedia&parent=31"}],"curies":[{"name":"wp","href":"https:\/\/api.w.org\/{rel}","templated":true}]}}