{"id":33,"date":"2025-01-12T19:32:28","date_gmt":"2025-01-12T18:32:28","guid":{"rendered":"https:\/\/aktivnisvet.e-apollo.cz\/?page_id=33"},"modified":"2025-01-29T11:04:07","modified_gmt":"2025-01-29T10:04:07","slug":"platba","status":"publish","type":"page","link":"https:\/\/aktivnisvet.cz\/?page_id=33","title":{"rendered":"Platba"},"content":{"rendered":"\n<p>Ka\u017ed\u00fd \u0159\u00e1dn\u011b p\u0159ihl\u00e1\u0161en\u00fd \u00fa\u010dastn\u00edk obdr\u017e\u00ed \u201ePotvrzen\u00ed o p\u0159ijet\u00ed registrace na konferenci\u201c, kde jsou uvedeny ve\u0161ker\u00e9 n\u00e1le\u017eitosti pot\u0159ebn\u00e9 k&nbsp;platb\u011b. Pokud se tak nestalo, pros\u00edm kontaktujte&nbsp;<a href=\"mailto:kancelar@hillaryconsulting.com\">n\u00e1s<\/a>.<\/p>\n\n\n\n<ul class=\"wp-block-list\">\n<li>Banka: MONETA Money Bank<\/li>\n\n\n\n<li>\u010c\u00edslo \u00fa\u010dtu: 186261339\/0600<\/li>\n\n\n\n<li>IBAN: CZ4406000000000186261339<\/li>\n\n\n\n<li>SWIFT: AGBACZPP<\/li>\n\n\n\n<li>Adresa p\u0159\u00edjemce: Hillary consulting s.r.o., Sady P\u011btat\u0159ic\u00e1tn\u00edk\u016f 33, 30100 Plze\u0148<\/li>\n\n\n\n<li>Adresa banky: MONETA Money Bank\u00a0Plze\u0148 &#8211; Anglick\u00e9 n\u00e1b\u0159e\u017e\u00ed, Anglick\u00e9 n\u00e1b\u0159e\u017e\u00ed 1, 301 49 Plze\u0148<\/li>\n\n\n\n<li>Jm\u00e9no \u00fa\u010dtu: Hillary consulting s.r.o.<\/li>\n\n\n\n<li>Konstantn\u00ed symbol: 0308<\/li>\n\n\n\n<li>Variabiln\u00ed symbol:\u00a0<strong>bude V\u00e1m p\u0159id\u011blen po odesl\u00e1n\u00ed elektronick\u00e9 p\u0159ihl\u00e1\u0161ky<\/strong><\/li>\n<\/ul>\n","protected":false},"excerpt":{"rendered":"<p>Ka\u017ed\u00fd \u0159\u00e1dn\u011b p\u0159ihl\u00e1\u0161en\u00fd \u00fa\u010dastn\u00edk obdr\u017e\u00ed \u201ePotvrzen\u00ed o p\u0159ijet\u00ed registrace na konferenci\u201c, kde jsou uvedeny ve\u0161ker\u00e9 n\u00e1le\u017eitosti pot\u0159ebn\u00e9 k&nbsp;platb\u011b. Pokud se tak nestalo, pros\u00edm kontaktujte&nbsp;n\u00e1s.<\/p>\n","protected":false},"author":1,"featured_media":0,"parent":0,"menu_order":0,"comment_status":"closed","ping_status":"closed","template":"","meta":{"footnotes":""},"class_list":["post-33","page","type-page","status-publish","hentry"],"_links":{"self":[{"href":"https:\/\/aktivnisvet.cz\/index.php?rest_route=\/wp\/v2\/pages\/33"}],"collection":[{"href":"https:\/\/aktivnisvet.cz\/index.php?rest_route=\/wp\/v2\/pages"}],"about":[{"href":"https:\/\/aktivnisvet.cz\/index.php?rest_route=\/wp\/v2\/types\/page"}],"author":[{"embeddable":true,"href":"https:\/\/aktivnisvet.cz\/index.php?rest_route=\/wp\/v2\/users\/1"}],"replies":[{"embeddable":true,"href":"https:\/\/aktivnisvet.cz\/index.php?rest_route=%2Fwp%2Fv2%2Fcomments&post=33"}],"version-history":[{"count":2,"href":"https:\/\/aktivnisvet.cz\/index.php?rest_route=\/wp\/v2\/pages\/33\/revisions"}],"predecessor-version":[{"id":83,"href":"https:\/\/aktivnisvet.cz\/index.php?rest_route=\/wp\/v2\/pages\/33\/revisions\/83"}],"wp:attachment":[{"href":"https:\/\/aktivnisvet.cz\/index.php?rest_route=%2Fwp%2Fv2%2Fmedia&parent=33"}],"curies":[{"name":"wp","href":"https:\/\/api.w.org\/{rel}","templated":true}]}}