{"id":35,"date":"2025-01-12T19:32:42","date_gmt":"2025-01-12T18:32:42","guid":{"rendered":"https:\/\/aktivnisvet.e-apollo.cz\/?page_id=35"},"modified":"2025-02-06T08:05:37","modified_gmt":"2025-02-06T07:05:37","slug":"doprava","status":"publish","type":"page","link":"https:\/\/aktivnisvet.cz\/?page_id=35","title":{"rendered":"Doprava"},"content":{"rendered":"\n<h1 class=\"wp-block-heading\"><\/h1>\n\n\n\n<p>Parkhotel Congress Center Plze\u0148<\/p>\n\n\n\n<p>U Borsk\u00e9ho parku 31<\/p>\n\n\n\n<p>320 04 Plze\u0148 CZ<\/p>\n\n\n\n<p><a href=\"http:\/\/www.parkhotel-czech.eu\/\" target=\"_blank\" rel=\"noreferrer noopener\">www.parkhotel-czech.eu<\/a><\/p>\n\n\n\n<p>GPS:&nbsp;49\u00b043&#8217;15.13&#8243;N,13\u00b022&#8217;15.98&#8243;E<\/p>\n\n\n\n<figure class=\"wp-block-image size-large\"><img loading=\"lazy\" decoding=\"async\" width=\"1024\" height=\"539\" src=\"https:\/\/aktivnisvet.cz\/wp-content\/uploads\/2025\/02\/Mapa_Parkhotel_KKF-1024x539.jpg\" alt=\"\" class=\"wp-image-119\" srcset=\"https:\/\/aktivnisvet.cz\/wp-content\/uploads\/2025\/02\/Mapa_Parkhotel_KKF-1024x539.jpg 1024w, https:\/\/aktivnisvet.cz\/wp-content\/uploads\/2025\/02\/Mapa_Parkhotel_KKF-300x158.jpg 300w, https:\/\/aktivnisvet.cz\/wp-content\/uploads\/2025\/02\/Mapa_Parkhotel_KKF-768x405.jpg 768w, https:\/\/aktivnisvet.cz\/wp-content\/uploads\/2025\/02\/Mapa_Parkhotel_KKF-1536x809.jpg 1536w, https:\/\/aktivnisvet.cz\/wp-content\/uploads\/2025\/02\/Mapa_Parkhotel_KKF-940x495.jpg 940w, https:\/\/aktivnisvet.cz\/wp-content\/uploads\/2025\/02\/Mapa_Parkhotel_KKF.jpg 1902w\" sizes=\"(max-width: 1024px) 100vw, 1024px\" \/><figcaption class=\"wp-element-caption\">1 Parkhotel Plze\u0148 <\/figcaption><\/figure>\n","protected":false},"excerpt":{"rendered":"<p>Parkhotel Congress Center Plze\u0148 U Borsk\u00e9ho parku 31 320 04 Plze\u0148 CZ www.parkhotel-czech.eu GPS:&nbsp;49\u00b043&#8217;15.13&#8243;N,13\u00b022&#8217;15.98&#8243;E<\/p>\n","protected":false},"author":1,"featured_media":0,"parent":0,"menu_order":0,"comment_status":"closed","ping_status":"closed","template":"","meta":{"footnotes":""},"class_list":["post-35","page","type-page","status-publish","hentry"],"_links":{"self":[{"href":"https:\/\/aktivnisvet.cz\/index.php?rest_route=\/wp\/v2\/pages\/35"}],"collection":[{"href":"https:\/\/aktivnisvet.cz\/index.php?rest_route=\/wp\/v2\/pages"}],"about":[{"href":"https:\/\/aktivnisvet.cz\/index.php?rest_route=\/wp\/v2\/types\/page"}],"author":[{"embeddable":true,"href":"https:\/\/aktivnisvet.cz\/index.php?rest_route=\/wp\/v2\/users\/1"}],"replies":[{"embeddable":true,"href":"https:\/\/aktivnisvet.cz\/index.php?rest_route=%2Fwp%2Fv2%2Fcomments&post=35"}],"version-history":[{"count":4,"href":"https:\/\/aktivnisvet.cz\/index.php?rest_route=\/wp\/v2\/pages\/35\/revisions"}],"predecessor-version":[{"id":120,"href":"https:\/\/aktivnisvet.cz\/index.php?rest_route=\/wp\/v2\/pages\/35\/revisions\/120"}],"wp:attachment":[{"href":"https:\/\/aktivnisvet.cz\/index.php?rest_route=%2Fwp%2Fv2%2Fmedia&parent=35"}],"curies":[{"name":"wp","href":"https:\/\/api.w.org\/{rel}","templated":true}]}}