{"id":48,"date":"2025-01-12T19:50:45","date_gmt":"2025-01-12T18:50:45","guid":{"rendered":"https:\/\/aktivnisvet.e-apollo.cz\/?page_id=48"},"modified":"2025-02-06T16:10:26","modified_gmt":"2025-02-06T15:10:26","slug":"prihlaseni","status":"publish","type":"page","link":"https:\/\/aktivnisvet.cz\/?page_id=48","title":{"rendered":"P\u0159ihl\u00e1\u0161en\u00ed"},"content":{"rendered":"\n<div class=\"wp-block-contact-form-7-contact-form-selector\">\n<div class=\"wpcf7 no-js\" id=\"wpcf7-f70-o1\" lang=\"cs-CZ\" dir=\"ltr\" data-wpcf7-id=\"70\">\n<div class=\"screen-reader-response\"><p role=\"status\" aria-live=\"polite\" aria-atomic=\"true\"><\/p> <ul><\/ul><\/div>\n<form action=\"\/index.php?rest_route=%2Fwp%2Fv2%2Fpages%2F48#wpcf7-f70-o1\" method=\"post\" class=\"wpcf7-form init\" aria-label=\"Contact form\" enctype=\"multipart\/form-data\" novalidate=\"novalidate\" data-status=\"init\">\n<div style=\"display: none;\">\n<input type=\"hidden\" name=\"_wpcf7\" value=\"70\" \/>\n<input type=\"hidden\" name=\"_wpcf7_version\" value=\"6.0.3\" \/>\n<input type=\"hidden\" name=\"_wpcf7_locale\" value=\"cs_CZ\" \/>\n<input type=\"hidden\" name=\"_wpcf7_unit_tag\" value=\"wpcf7-f70-o1\" \/>\n<input type=\"hidden\" name=\"_wpcf7_container_post\" value=\"0\" \/>\n<input type=\"hidden\" name=\"_wpcf7_posted_data_hash\" value=\"\" \/>\n<input type=\"hidden\" name=\"_wpcf7cf_hidden_group_fields\" value=\"[]\" \/>\n<input type=\"hidden\" name=\"_wpcf7cf_hidden_groups\" value=\"[]\" \/>\n<input type=\"hidden\" name=\"_wpcf7cf_visible_groups\" value=\"[]\" \/>\n<input type=\"hidden\" name=\"_wpcf7cf_repeaters\" value=\"[]\" \/>\n<input type=\"hidden\" name=\"_wpcf7cf_steps\" value=\"{}\" \/>\n<input type=\"hidden\" name=\"_wpcf7cf_options\" value=\"{&quot;form_id&quot;:70,&quot;conditions&quot;:[{&quot;then_field&quot;:&quot;g_aktivni_ucast&quot;,&quot;and_rules&quot;:[{&quot;if_field&quot;:&quot;aktivni_ucast&quot;,&quot;operator&quot;:&quot;equals&quot;,&quot;if_value&quot;:&quot;Ano&quot;}]},{&quot;then_field&quot;:&quot;g_ubytovani&quot;,&quot;and_rules&quot;:[{&quot;if_field&quot;:&quot;ubytovani&quot;,&quot;operator&quot;:&quot;equals&quot;,&quot;if_value&quot;:&quot;Ano&quot;}]},{&quot;then_field&quot;:&quot;g_lekar_szp&quot;,&quot;and_rules&quot;:[{&quot;if_field&quot;:&quot;lekar_szp&quot;,&quot;operator&quot;:&quot;equals&quot;,&quot;if_value&quot;:&quot;l\\u00e9ka\\u0159&quot;}]},{&quot;then_field&quot;:&quot;g_clk_id&quot;,&quot;and_rules&quot;:[{&quot;if_field&quot;:&quot;lekar_szp&quot;,&quot;operator&quot;:&quot;equals&quot;,&quot;if_value&quot;:&quot;l\\u00e9ka\\u0159&quot;}]}],&quot;settings&quot;:{&quot;animation&quot;:&quot;yes&quot;,&quot;animation_intime&quot;:200,&quot;animation_outtime&quot;:200,&quot;conditions_ui&quot;:&quot;normal&quot;,&quot;notice_dismissed&quot;:false,&quot;notice_dismissed_rollback-cf7-6.0.2&quot;:true}}\" \/>\n<\/div>\n<p><span class=\"wpcf7-form-control-wrap\" data-name=\"lekar_szp\"><span class=\"wpcf7-form-control wpcf7-radio\"><span class=\"wpcf7-list-item first\"><label><input type=\"radio\" name=\"lekar_szp\" value=\"l\u00e9ka\u0159\" checked=\"checked\" \/><span class=\"wpcf7-list-item-label\">l\u00e9ka\u0159<\/span><\/label><\/span><span class=\"wpcf7-list-item\"><label><input type=\"radio\" name=\"lekar_szp\" value=\"SZP\" \/><span class=\"wpcf7-list-item-label\">SZP<\/span><\/label><\/span><span class=\"wpcf7-list-item\"><label><input type=\"radio\" name=\"lekar_szp\" value=\"farmaceut\" \/><span class=\"wpcf7-list-item-label\">farmaceut<\/span><\/label><\/span><span class=\"wpcf7-list-item\"><label><input type=\"radio\" name=\"lekar_szp\" value=\"laboratorn\u00ed pracovn\u00edk\" \/><span class=\"wpcf7-list-item-label\">laboratorn\u00ed pracovn\u00edk<\/span><\/label><\/span><span class=\"wpcf7-list-item last\"><label><input type=\"radio\" name=\"lekar_szp\" value=\"student\" \/><span class=\"wpcf7-list-item-label\">student<\/span><\/label><\/span><\/span><\/span>\n<\/p>\n<p><label> Jm\u00e9no<br \/>\n<span class=\"wpcf7-form-control-wrap\" data-name=\"jmeno\"><input size=\"40\" maxlength=\"400\" class=\"wpcf7-form-control wpcf7-text wpcf7-validates-as-required\" autocomplete=\"name\" aria-required=\"true\" aria-invalid=\"false\" value=\"\" type=\"text\" name=\"jmeno\" \/><\/span> <\/label>\n<\/p>\n<p><label> P\u0159\u00edjmen\u00ed<br \/>\n<span class=\"wpcf7-form-control-wrap\" data-name=\"prijmeni\"><input size=\"40\" maxlength=\"400\" class=\"wpcf7-form-control wpcf7-text wpcf7-validates-as-required\" autocomplete=\"name\" aria-required=\"true\" aria-invalid=\"false\" value=\"\" type=\"text\" name=\"prijmeni\" \/><\/span> <\/label>\n<\/p>\n<p><label> Titul p\u0159ed jm\u00e9nem<br \/>\n<span class=\"wpcf7-form-control-wrap\" data-name=\"titul_pred_jmenem\"><input size=\"40\" maxlength=\"400\" class=\"wpcf7-form-control wpcf7-text\" aria-invalid=\"false\" value=\"\" type=\"text\" name=\"titul_pred_jmenem\" \/><\/span> <\/label>\n<\/p>\n<p><label> Titul za jm\u00e9nem<br \/>\n<span class=\"wpcf7-form-control-wrap\" data-name=\"titul_za_jmenem\"><input size=\"40\" maxlength=\"400\" class=\"wpcf7-form-control wpcf7-text\" aria-invalid=\"false\" value=\"\" type=\"text\" name=\"titul_za_jmenem\" \/><\/span> <\/label>\n<\/p>\n<p><label> Email<br \/>\n<span class=\"wpcf7-form-control-wrap\" data-name=\"email\"><input size=\"40\" maxlength=\"400\" class=\"wpcf7-form-control wpcf7-email wpcf7-validates-as-required wpcf7-text wpcf7-validates-as-email\" autocomplete=\"email\" aria-required=\"true\" aria-invalid=\"false\" value=\"\" type=\"email\" name=\"email\" \/><\/span> <\/label>\n<\/p>\n<p><label> Telefon<br \/>\n<span class=\"wpcf7-form-control-wrap\" data-name=\"telefon\"><input size=\"40\" maxlength=\"400\" class=\"wpcf7-form-control wpcf7-tel wpcf7-text wpcf7-validates-as-tel\" aria-invalid=\"false\" value=\"\" type=\"tel\" name=\"telefon\" \/><\/span> <\/label>\n<\/p>\n<div data-id=\"g_clk_id\" data-orig_data_id=\"g_clk_id\" data-clear_on_hide data-class=\"wpcf7cf_group\">\n\t<p><label> \u010cLK ID<br \/>\n<span class=\"wpcf7-form-control-wrap\" data-name=\"clk_id\"><input size=\"40\" maxlength=\"400\" class=\"wpcf7-form-control wpcf7-text wpcf7-validates-as-required\" aria-required=\"true\" aria-invalid=\"false\" value=\"\" type=\"text\" name=\"clk_id\" \/><\/span> <\/label>\n\t<\/p>\n<\/div>\n<hr \/>\n<h3>Faktura\u010dn\u00ed \u00fadaje\n<\/h3>\n<p><label> Firma<br \/>\n<span class=\"wpcf7-form-control-wrap\" data-name=\"firma\"><input size=\"40\" maxlength=\"400\" class=\"wpcf7-form-control wpcf7-text\" aria-invalid=\"false\" value=\"\" type=\"text\" name=\"firma\" \/><\/span> <\/label>\n<\/p>\n<p><label> Adresa<br \/>\n<span class=\"wpcf7-form-control-wrap\" data-name=\"adresa\"><input size=\"40\" maxlength=\"400\" class=\"wpcf7-form-control wpcf7-text\" aria-invalid=\"false\" value=\"\" type=\"text\" name=\"adresa\" \/><\/span> <\/label>\n<\/p>\n<p><label> I\u010c<br \/>\n<span class=\"wpcf7-form-control-wrap\" data-name=\"ic\"><input size=\"40\" maxlength=\"400\" class=\"wpcf7-form-control wpcf7-text\" aria-invalid=\"false\" value=\"\" type=\"text\" name=\"ic\" \/><\/span> <\/label>\n<\/p>\n<p><label> DI\u010c<br \/>\n<span class=\"wpcf7-form-control-wrap\" data-name=\"dic\"><input size=\"40\" maxlength=\"400\" class=\"wpcf7-form-control wpcf7-text\" aria-invalid=\"false\" value=\"\" type=\"text\" name=\"dic\" \/><\/span> <\/label>\n<\/p>\n<hr \/>\n<p><label> Pozn\u00e1mky\/zpr\u00e1va pro po\u0159adatele<br \/>\n<span class=\"wpcf7-form-control-wrap\" data-name=\"poznamky\"><textarea cols=\"40\" rows=\"10\" maxlength=\"2000\" class=\"wpcf7-form-control wpcf7-textarea\" aria-invalid=\"false\" name=\"poznamky\"><\/textarea><\/span> <\/label>\n<\/p>\n<div data-id=\"g_lekar_szp\" data-orig_data_id=\"g_lekar_szp\" data-clear_on_hide data-class=\"wpcf7cf_group\">\n<hr \/>\n\t<p><label>Aktivn\u00ed \u00fa\u010dast<\/label><br \/>\n<span class=\"wpcf7-form-control-wrap\" data-name=\"aktivni_ucast\"><span class=\"wpcf7-form-control wpcf7-radio\"><span class=\"wpcf7-list-item first\"><label><input type=\"radio\" name=\"aktivni_ucast\" value=\"Ano\" \/><span class=\"wpcf7-list-item-label\">Ano<\/span><\/label><\/span><span class=\"wpcf7-list-item last\"><label><input type=\"radio\" name=\"aktivni_ucast\" value=\"Ne\" \/><span class=\"wpcf7-list-item-label\">Ne<\/span><\/label><\/span><\/span><\/span>\n\t<\/p>\n\t<div data-id=\"g_aktivni_ucast\" data-orig_data_id=\"g_aktivni_ucast\" data-clear_on_hide data-class=\"wpcf7cf_group\">\n\t\t<p><label> N\u00e1zev<br \/>\n<span class=\"wpcf7-form-control-wrap\" data-name=\"aktivni_ucast_nazev\"><input size=\"40\" maxlength=\"400\" class=\"wpcf7-form-control wpcf7-text wpcf7-validates-as-required\" aria-required=\"true\" aria-invalid=\"false\" value=\"\" type=\"text\" name=\"aktivni_ucast_nazev\" \/><\/span> <\/label>\n\t\t<\/p>\n\t\t<p><label> Autor<br \/>\n<span class=\"wpcf7-form-control-wrap\" data-name=\"aktivni_ucast_autor\"><input size=\"40\" maxlength=\"400\" class=\"wpcf7-form-control wpcf7-text wpcf7-validates-as-required\" aria-required=\"true\" aria-invalid=\"false\" value=\"\" type=\"text\" name=\"aktivni_ucast_autor\" \/><\/span> <\/label>\n\t\t<\/p>\n\t\t<p><label> Soubor<br \/>\n<span class=\"wpcf7-form-control-wrap\" data-name=\"aktivni_ucast_soubor\"><input size=\"40\" class=\"wpcf7-form-control wpcf7-file wpcf7-validates-as-required\" accept=\".txt,application\/pdf,.doc,.docx,image\/*\" aria-required=\"true\" aria-invalid=\"false\" type=\"file\" name=\"aktivni_ucast_soubor\" \/><\/span> <\/label>\n\t\t<\/p>\n\t<\/div>\n<\/div>\n<hr \/>\n<p><label>Krajsk\u00fd revmatologick\u00fd semin\u00e1\u0159 19.6.<\/label><br \/>\n<span class=\"wpcf7-form-control-wrap\" data-name=\"krajsky_revmatologicky_seminar\"><span class=\"wpcf7-form-control wpcf7-radio\"><span class=\"wpcf7-list-item first\"><label><input type=\"radio\" name=\"krajsky_revmatologicky_seminar\" value=\"Ano\" \/><span class=\"wpcf7-list-item-label\">Ano<\/span><\/label><\/span><span class=\"wpcf7-list-item last\"><label><input type=\"radio\" name=\"krajsky_revmatologicky_seminar\" value=\"Ne\" \/><span class=\"wpcf7-list-item-label\">Ne<\/span><\/label><\/span><\/span><\/span>\n<\/p>\n<hr \/>\n<h3>Platba \u00fa\u010dastn\u00edk\u016f\n<\/h3>\n<figure class=\"wp-block-table\">\n\t<table class=\"has-fixed-layout\">\n\t\t<tbody>\n\t\t\t<tr>\n\t\t\t\t<td>\n\t\t\t\t\t<p>Typ \u00fa\u010dastn\u00edka \/ platba [K\u010d]\n\t\t\t\t\t<\/p>\n\t\t\t\t<\/td>\n\t\t\t\t<td>\n\t\t\t\t\t<p>do 10.5.2025\n\t\t\t\t\t<\/p>\n\t\t\t\t<\/td>\n\t\t\t\t<td>\n\t\t\t\t\t<p>do 15.6.2025\n\t\t\t\t\t<\/p>\n\t\t\t\t<\/td>\n\t\t\t\t<td>\n\t\t\t\t\t<p>na m\u00edst\u011b\n\t\t\t\t\t<\/p>\n\t\t\t\t<\/td>\n\t\t\t<\/tr>\n\t\t\t<tr>\n\t\t\t\t<td>\n\t\t\t\t\t<p>L\u00e9ka\u0159 - aktivn\u00ed \u00fa\u010dast\n\t\t\t\t\t<\/p>\n\t\t\t\t<\/td>\n\t\t\t\t<td>\n\t\t\t\t\t<p>1.000,-\n\t\t\t\t\t<\/p>\n\t\t\t\t<\/td>\n\t\t\t\t<td>\n\t\t\t\t\t<p>1.300,-\n\t\t\t\t\t<\/p>\n\t\t\t\t<\/td>\n\t\t\t\t<td>\n\t\t\t\t\t<p>2.000.-\n\t\t\t\t\t<\/p>\n\t\t\t\t<\/td>\n\t\t\t<\/tr>\n\t\t\t<tr>\n\t\t\t\t<td>\n\t\t\t\t\t<p>L\u00e9ka\u0159 \u2013 \u00fa\u010dastn\u00edk\n\t\t\t\t\t<\/p>\n\t\t\t\t<\/td>\n\t\t\t\t<td>\n\t\t\t\t\t<p>1.500,-\n\t\t\t\t\t<\/p>\n\t\t\t\t<\/td>\n\t\t\t\t<td>\n\t\t\t\t\t<p>1.800,-\n\t\t\t\t\t<\/p>\n\t\t\t\t<\/td>\n\t\t\t\t<td>\n\t\t\t\t\t<p>2.000.-\n\t\t\t\t\t<\/p>\n\t\t\t\t<\/td>\n\t\t\t<\/tr>\n\t\t\t<tr>\n\t\t\t\t<td>\n\t\t\t\t\t<p>SZP - \u00fa\u010dastn\u00edk\n\t\t\t\t\t<\/p>\n\t\t\t\t<\/td>\n\t\t\t\t<td>\n\t\t\t\t\t<p>700.-\n\t\t\t\t\t<\/p>\n\t\t\t\t<\/td>\n\t\t\t\t<td>\n\t\t\t\t\t<p>1.000.-\n\t\t\t\t\t<\/p>\n\t\t\t\t<\/td>\n\t\t\t\t<td>\n\t\t\t\t\t<p>1.500.-\n\t\t\t\t\t<\/p>\n\t\t\t\t<\/td>\n\t\t\t<\/tr>\n\t\t\t<tr>\n\t\t\t\t<td>\n\t\t\t\t\t<p>Farmaceut<br \/>\nLaboratorn\u00ed pracovn\u00edk<br \/>\nStudent\n\t\t\t\t\t<\/p>\n\t\t\t\t<\/td>\n\t\t\t\t<td>\n\t\t\t\t\t<p>700.-\n\t\t\t\t\t<\/p>\n\t\t\t\t<\/td>\n\t\t\t\t<td>\n\t\t\t\t\t<p>1.000.-\n\t\t\t\t\t<\/p>\n\t\t\t\t<\/td>\n\t\t\t\t<td>\n\t\t\t\t\t<p>1.500.-\n\t\t\t\t\t<\/p>\n\t\t\t\t<\/td>\n\t\t\t<\/tr>\n\t\t<\/tbody>\n\t<\/table>\n<\/figure>\n<p><b>Uveden\u00e9 ceny jsou v\u010d. DPH.<\/b> Platbu prove\u010fte nejpozd\u011bji do data uveden\u00e9ho k dan\u00e9 cen\u011b. V p\u0159\u00edpad\u011b pozd\u011bj\u0161\u00ed platby, m\u016f\u017ee organiz\u00e1tor vym\u00e1hat doplatek v rozd\u00edlu ceny.\n<\/p>\n<hr \/>\n<p><label>Ubytov\u00e1n\u00ed<\/label><br \/>\n<span class=\"wpcf7-form-control-wrap\" data-name=\"ubytovani\"><span class=\"wpcf7-form-control wpcf7-radio\"><span class=\"wpcf7-list-item first\"><label><input type=\"radio\" name=\"ubytovani\" value=\"Ano\" \/><span class=\"wpcf7-list-item-label\">Ano<\/span><\/label><\/span><span class=\"wpcf7-list-item last\"><label><input type=\"radio\" name=\"ubytovani\" value=\"Ne\" \/><span class=\"wpcf7-list-item-label\">Ne<\/span><\/label><\/span><\/span><\/span>\n<\/p>\n<div data-id=\"g_ubytovani\" data-orig_data_id=\"g_ubytovani\" data-clear_on_hide data-class=\"wpcf7cf_group\">\n\t<p><a href=\"https:\/\/www.parkhotel-czech.eu\" target=\"_blank\">Parkhotel Plze\u0148<\/a> - p\u0159i objedn\u00e1n\u00ed zadejte slevov\u00fd k\u00f3d <b>KKF2025<\/b>\n\t<\/p>\n<\/div>\n<hr \/>\n<p>Na z\u00e1klad\u011b Va\u0161\u00ed registrace budou Va\u0161e osobn\u00ed \u00fadaje, kter\u00e9 jste vyplnili do p\u0159ihla\u0161ovac\u00edho formul\u00e1\u0159e, zpracov\u00e1v\u00e1ny spole\u010dnost\u00ed Hillary consulting s.r.o. (I\u010cO 28006291, Sady P\u011btat\u0159ic\u00e1tn\u00edk\u016f 33, Plze\u0148, <a href=\"mailto:kancelar@hilllaryconsulting.com\">kancelar@hilllaryconsulting.com<\/a>) -spr\u00e1vcem osobn\u00edch \u00fadaj\u016f za \u00fa\u010delem zaji\u0161t\u011bn\u00ed Va\u0161\u00ed \u00fa\u010dasti na t\u00e9to akci. Toto zpracov\u00e1n\u00ed je nezbytn\u00e9 pro spln\u011bn\u00ed smlouvy mezi V\u00e1mi a spr\u00e1vcem. Svou registrac\u00ed potvrzujete, \u017ee jste se sezn\u00e1mili s Informacemi o zpracov\u00e1n\u00ed osobn\u00edch \u00fadaj\u016f, kde jsou uvedeny podrobn\u00e9 informace o zpracov\u00e1n\u00ed osobn\u00edch \u00fadaj\u016f spr\u00e1vcem.\n<\/p>\n<p>Zasl\u00e1n\u00edm z\u00e1vazn\u00e9 p\u0159ihl\u00e1\u0161ky potvrzuji, \u017ee souhlas\u00edm s platebn\u00edmi a storno podm\u00ednkami kongresu, kter\u00e9 jsou uvedeny na t\u011bchto str\u00e1nk\u00e1ch v sekci \u201eV\u0161eobecn\u00e9 informace\u201c.\n<\/p>\n<input class=\"wpcf7-form-control wpcf7-hidden\" id=\"calculated-price\" value=\"\" type=\"hidden\" name=\"cena\" \/>\n<p id=\"price-display\">Cena bude vypo\u010d\u00edt\u00e1na.\n<\/p>\n<input class=\"wpcf7-form-control wpcf7-hidden\" value=\"\" type=\"hidden\" name=\"variabilni_symbol\" \/>\n<p><input class=\"wpcf7-form-control wpcf7-submit has-spinner\" type=\"submit\" value=\"Odeslat\" \/>\n<\/p><div class=\"wpcf7-response-output\" aria-hidden=\"true\"><\/div>\n<\/form>\n<\/div>\n<\/div>\n","protected":false},"excerpt":{"rendered":"","protected":false},"author":1,"featured_media":0,"parent":0,"menu_order":0,"comment_status":"closed","ping_status":"closed","template":"","meta":{"footnotes":""},"class_list":["post-48","page","type-page","status-publish","hentry"],"_links":{"self":[{"href":"https:\/\/aktivnisvet.cz\/index.php?rest_route=\/wp\/v2\/pages\/48"}],"collection":[{"href":"https:\/\/aktivnisvet.cz\/index.php?rest_route=\/wp\/v2\/pages"}],"about":[{"href":"https:\/\/aktivnisvet.cz\/index.php?rest_route=\/wp\/v2\/types\/page"}],"author":[{"embeddable":true,"href":"https:\/\/aktivnisvet.cz\/index.php?rest_route=\/wp\/v2\/users\/1"}],"replies":[{"embeddable":true,"href":"https:\/\/aktivnisvet.cz\/index.php?rest_route=%2Fwp%2Fv2%2Fcomments&post=48"}],"version-history":[{"count":4,"href":"https:\/\/aktivnisvet.cz\/index.php?rest_route=\/wp\/v2\/pages\/48\/revisions"}],"predecessor-version":[{"id":133,"href":"https:\/\/aktivnisvet.cz\/index.php?rest_route=\/wp\/v2\/pages\/48\/revisions\/133"}],"wp:attachment":[{"href":"https:\/\/aktivnisvet.cz\/index.php?rest_route=%2Fwp%2Fv2%2Fmedia&parent=48"}],"curies":[{"name":"wp","href":"https:\/\/api.w.org\/{rel}","templated":true}]}}