{"id":92,"date":"2025-01-29T21:04:57","date_gmt":"2025-01-29T20:04:57","guid":{"rendered":"https:\/\/aktivnisvet.cz\/?page_id=92"},"modified":"2025-01-29T21:04:57","modified_gmt":"2025-01-29T20:04:57","slug":"informace-o-zpracovani-osobnich-udaju","status":"publish","type":"page","link":"https:\/\/aktivnisvet.cz\/?page_id=92","title":{"rendered":"Informace o zpracov\u00e1n\u00ed osobn\u00edch \u00fadaj\u016f"},"content":{"rendered":"\n<p>Na\u0161e spole\u010dnost&nbsp;se v\u011bnuje&nbsp;mimo jin\u00e9 organizaci kongres\u016f, konferenc\u00ed a dal\u0161\u00edch vzd\u011bl\u00e1vac\u00edch a spole\u010densk\u00fdch akc\u00ed. V r\u00e1mci t\u00e9to \u010dinnosti doch\u00e1z\u00ed ke zpracov\u00e1n\u00ed osobn\u00edch \u00fadaj\u016f \u00fa\u010dastn\u00edk\u016f a dal\u0161\u00edch fyzick\u00fdch osob.<\/p>\n\n\n\n<p><strong>Informace o zpracov\u00e1n\u00ed osobn\u00edch \u00fadaj\u016f<\/strong><br>Spr\u00e1vcem Va\u0161ich osobn\u00edch \u00fadaj\u016f je spole\u010dnost Hillary consulting s.r.o., I\u010cO:28006291, Sady P\u011btat\u0159ic\u00e1tn\u00edk\u016f 33, Plze\u0148,&nbsp;zapsan\u00e1 v obchodn\u00edm rejst\u0159\u00edku veden\u00e9m&nbsp;Krajsk\u00fdm soudem v&nbsp;Plzni, odd\u00edl C, vlo\u017eka 21138.<br>Kontaktn\u00ed e-mail kancelar@hillaryconsulting.com.<br>Spr\u00e1vce nejmenoval pov\u011b\u0159ence pro ochranu osobn\u00edch \u00fadaj\u016f.<\/p>\n\n\n\n<p><strong>Va\u0161e osobn\u00ed \u00fadaje zpracov\u00e1van\u00e9 na\u0161\u00ed spole\u010dnost\u00ed a \u00fa\u010del zpracov\u00e1n\u00ed t\u011bchto \u00fadaj\u016f<\/strong><\/p>\n\n\n\n<p>Registrace a \u00fa\u010dast na akci<br>Pokud jste<strong>&nbsp;<\/strong>se registroval\/registrovala na konkr\u00e9tn\u00ed akci, kterou na\u0161e spole\u010dnost po\u0159\u00e1d\u00e1 nebo organiza\u010dn\u011b zaji\u0161\u0165uje, odesl\u00e1n\u00edm p\u0159ihla\u0161ovac\u00edho formul\u00e1\u0159e jste n\u00e1m poskytl\/poskytla Va\u0161e osobn\u00ed \u00fadaje v rozsahu jejich vypln\u011bn\u00ed do formul\u00e1\u0159e (zejm\u00e9na titul p\u0159ed a za jm\u00e9nem, jm\u00e9no, p\u0159\u00edjmen\u00ed, adresa bydli\u0161t\u011b, e-mailov\u00e1 adresa, p\u0159\u00edpadn\u011b faktura\u010dn\u00ed adresa, I\u010cO\/DI\u010c). Rozsah osobn\u00edch \u00fadaj\u016f se pro konkr\u00e9tn\u00ed akci m\u016f\u017ee li\u0161it. Ur\u010duj\u00edc\u00ed je registra\u010dn\u00ed formul\u00e1\u0159.<br>Pokud jste se registroval\/registrovala na konkr\u00e9tn\u00ed akci telefonicky, rozsah osobn\u00edch \u00fadaj\u016f odpov\u00edd\u00e1 osobn\u00edm \u00fadaj\u016fm poskytnut\u00fdm telefonicky.<br><strong>\u00da\u010delem zpracov\u00e1n\u00ed&nbsp;Va\u0161ich osobn\u00edch \u00fadaj\u016f&nbsp;<\/strong>je&nbsp;<strong>zaji\u0161t\u011bn\u00ed Va\u0161\u00ed \u00fa\u010dasti na konkr\u00e9tn\u00ed akci<\/strong>&nbsp;ze strany na\u0161\u00ed spole\u010dnosti, v\u010detn\u011b v\u0161ech souvisej\u00edc\u00edch aktivit&nbsp;(nap\u0159. vyhotoven\u00ed delega\u010denky\/jmenovky, vystaven\u00ed certifik\u00e1tu\/potvrzen\u00ed \u00fa\u010dasti apod.). Sou\u010dasn\u011b tyto \u00fadaje slou\u017e\u00ed k vy\u00fa\u010dtov\u00e1n\u00ed na\u0161ich slu\u017eeb po skon\u010den\u00ed akce.<br>Pr\u00e1vn\u00ed z\u00e1klad pro zpracov\u00e1n\u00ed je spln\u011bn\u00ed smlouvy, kterou s na\u0161\u00ed spole\u010dnost\u00ed uzav\u00edr\u00e1te. Jej\u00ed p\u0159edm\u011bt odpov\u00edd\u00e1 v\u00fd\u0161e popsan\u00e9mu \u00fa\u010delu, tj. zaji\u0161t\u011bn\u00ed Va\u0161\u00ed \u00fa\u010dasti na p\u0159\u00edslu\u0161n\u00e9 akci, v\u010detn\u011b souvisej\u00edc\u00edch aktivit.<br>Va\u0161e osobn\u00ed \u00fadaje zpracov\u00e1v\u00e1me pro tento \u00fa\u010del po dobu trv\u00e1n\u00ed p\u0159\u00edslu\u0161n\u00e9 akce, d\u00e1le po dobu do celkov\u00e9ho vy\u00fa\u010dtov\u00e1n\u00ed slu\u017eeb a uzav\u0159en\u00ed akce a d\u00e1le je archivujeme po dobu stanovenou p\u0159\u00edslu\u0161n\u00fdmi pr\u00e1vn\u00edmi p\u0159edpisy (z\u00e1kon o \u00fa\u010detnictv\u00ed, da\u0148ov\u00e9 pr\u00e1vn\u00ed p\u0159edpisy).<\/p>\n\n\n\n<p>Pr\u00e1ce s&nbsp;abstrakty a jin\u00fdmi d\u00edly v&nbsp;r\u00e1mci odborn\u00e9ho programu akce<br><strong>Pokud jste spr\u00e1vci poskytl\/poskytla V\u00e1\u0161 abstrakt<\/strong>&nbsp;nebo jin\u00e9 d\u00edlo ur\u010den\u00e9 pro za\u0159azen\u00ed do odborn\u00e9ho programu akce, bude spr\u00e1vce zpracov\u00e1vat Va\u0161e osobn\u00ed \u00fadaje uveden\u00e9 v r\u00e1mci elektronick\u00e9ho formul\u00e1\u0159e k vyhodnocen\u00ed a p\u0159\u00edp. za\u0159azen\u00ed Va\u0161eho d\u00edla do programu akce.&nbsp;O za\u0159azen\u00ed\/neza\u0159azen\u00ed budete informov\u00e1ni.<br>Takov\u00e9 zpracov\u00e1n\u00ed je zalo\u017eeno na opr\u00e1vn\u011bn\u00e9m z\u00e1jmu spr\u00e1vce na zaji\u0161t\u011bn\u00ed odborn\u00e9ho programu akce. Va\u0161e osobn\u00ed \u00fadaje pro tento \u00fa\u010del bude spr\u00e1vce zpracov\u00e1vat po dobu trv\u00e1n\u00ed p\u0159\u00edslu\u0161n\u00e9 akce do uzav\u0159en\u00ed akce a d\u00e1le je archivujeme po dobu stanovenou p\u0159\u00edslu\u0161n\u00fdmi pr\u00e1vn\u00edmi p\u0159edpisy (z\u00e1kon o \u00fa\u010detnictv\u00ed, da\u0148ov\u00e9 pr\u00e1vn\u00ed p\u0159edpisy).<br>V p\u0159\u00edpad\u011b n\u00e1sledn\u00e9ho uve\u0159ejn\u011bn\u00ed Va\u0161eho d\u00edla v n\u00e1vaznosti na akci spr\u00e1vce uve\u0159ejn\u00ed i&nbsp;Va\u0161e jm\u00e9no a p\u0159\u00edjmen\u00ed, p\u0159\u00edp. titul, za \u00fa\u010delem ozna\u010den\u00ed V\u00e1s jako autora d\u00edla. Toto zpracov\u00e1n\u00ed spr\u00e1vce prov\u00e1d\u00ed na z\u00e1klad\u011b pr\u00e1vn\u00ed povinnosti, kter\u00e1 se na organiz\u00e1tora vztahuje dle autorsk\u00e9ho z\u00e1kona. Va\u0161e osobn\u00ed \u00fadaje budou uve\u0159ejn\u011bny po dobu, dokud bude uve\u0159ejn\u011bno i Va\u0161e d\u00edlo.<\/p>\n\n\n\n<p>Audiovizu\u00e1ln\u00ed z\u00e1znam z&nbsp;akce<br>Po\u0159adatel akce m\u016f\u017ee bez nutnosti dal\u0161\u00edho souhlasu deleg\u00e1t\u016f pou\u017e\u00edvat a zve\u0159ej\u0148ovat fotografie a videoz\u00e1znamy po\u0159\u00edzen\u00e9 b\u011bhem kongresu ve zpr\u00e1v\u00e1ch o kongresu a\/nebo v budouc\u00edch marketingov\u00fdch materi\u00e1lech. P\u0159ihl\u00e1\u0161en\u00edm na tuto akci \u00fa\u010dastn\u00edci berou na v\u011bdom\u00ed a souhlas\u00ed s t\u00edm, \u017ee b\u011bhem akce mohou b\u00fdt po\u0159\u00edzeny fotografie, zvukov\u00e9 z\u00e1znamy nebo videoz\u00e1znamy, kter\u00e9 mohou zahrnovat rozpoznateln\u00e9 fotografie nebo hlasy \u00fa\u010dastn\u00edk\u016f a tyto mohou b\u00fdt d\u00e1le rozmno\u017eov\u00e1ny a roz\u0161i\u0159ov\u00e1ny na webu akce.<br>Akce se kon\u00e1 na ve\u0159ejn\u00e9m prostranstv\u00ed a \u00fa\u010dastn\u00edk\u016fm, vystavovatel\u016fm, sponzor\u016fm a m\u00e9di\u00edm je povoleno fotografov\u00e1n\u00ed, videoz\u00e1znam nebo zvukov\u00e9 nahr\u00e1vky n\u011bkter\u00fdch kongresov\u00fdch aktivit. Po\u0159adatel si vyhrazuje pr\u00e1vo pou\u017e\u00edt fotografie po\u0159\u00edzen\u00e9 na akci s Va\u0161\u00ed fotografi\u00ed na soci\u00e1ln\u00edch m\u00e9di\u00edch a\/nebo v budouc\u00edch marketingov\u00fdch materi\u00e1lech. Organiz\u00e1tor neodpov\u00edd\u00e1 za pou\u017eit\u00ed Va\u0161\u00ed fotografie t\u0159et\u00ed stranou.<\/p>\n\n\n\n<p>Dal\u0161\u00ed slu\u017eby poskytovan\u00e9 v&nbsp;souvislosti s&nbsp;akc\u00ed<br>V p\u0159\u00edpad\u011b, \u017ee jste si u na\u0161\u00ed spole\u010dnosti&nbsp;<strong>objednal\/objednala<\/strong>&nbsp;vedle registrace na akci i&nbsp;<strong>zaji\u0161t\u011bn\u00ed dal\u0161\u00edch slu\u017eeb<\/strong>(nap\u0159. ubytov\u00e1n\u00ed, doprava apod.), budeme zpracov\u00e1vat&nbsp;Va\u0161e osobn\u00ed \u00fadaje tak\u00e9 pro \u00fa\u010dely zaji\u0161t\u011bn\u00ed konkr\u00e9tn\u011b popt\u00e1van\u00e9 slu\u017eby.<br>Pro tento \u00fa\u010del bude na\u0161e spole\u010dnost zpracov\u00e1vat Va\u0161e osobn\u00ed \u00fadaje vypln\u011bn\u00e9 do registra\u010dn\u00edho formul\u00e1\u0159e a\/nebo objedn\u00e1vky, zejm\u00e9na v rozsahu jm\u00e9no, p\u0159\u00edjmen\u00ed, adresa bydli\u0161t\u011b, faktura\u010dn\u00ed adresa, e-mailov\u00e1 adresa, a to v z\u00e1vislosti na povaze slu\u017eby, kterou jste objednal\/objednala.<br>Na\u0161e spole\u010dnost zaji\u0161\u0165uje tyto slu\u017eby pouze organiza\u010dn\u011b, tj. neposkytuje p\u0159\u00edmo uvedenou slu\u017ebu. Pro tento \u00fa\u010del spolupracuje s jin\u00fdmi subjekty, kter\u00e9 slu\u017ebu poskytuj\u00ed (hotely, p\u0159epravn\u00ed spole\u010dnosti, taxislu\u017eby, stravovac\u00ed za\u0159\u00edzen\u00ed apod.).&nbsp;Pro \u00fa\u010dely poskytnut\u00ed konkr\u00e9tn\u00ed slu\u017eby budou Va\u0161e osobn\u00ed \u00fadaje p\u0159ed\u00e1ny konkr\u00e9tn\u00edmu p\u0159\u00edjemci \u2013 poskytovateli slu\u017eby.&nbsp;Bli\u017e\u0161\u00ed informace o p\u0159\u00edjemci Va\u0161ich osobn\u00edch \u00fadaj\u016f se dozv\u00edte v pr\u016fb\u011bhu na\u0161\u00ed komunikace, p\u0159\u00edpadn\u011b na z\u00e1klad\u011b Va\u0161\u00ed \u017e\u00e1dosti.<br>Va\u0161e osobn\u00ed \u00fadaje zpracov\u00e1v\u00e1me pro tento \u00fa\u010del po dobu trv\u00e1n\u00ed p\u0159\u00edslu\u0161n\u00e9 akce a\/nebo poskytov\u00e1n\u00ed dan\u00e9 slu\u017eby, d\u00e1le po dobu do celkov\u00e9ho vy\u00fa\u010dtov\u00e1n\u00ed slu\u017eeb a uzav\u0159en\u00ed akce a d\u00e1le je archivujeme po dobu stanovenou p\u0159\u00edslu\u0161n\u00fdmi pr\u00e1vn\u00edmi p\u0159edpisy (z\u00e1kon o \u00fa\u010detnictv\u00ed, da\u0148ov\u00e9 pr\u00e1vn\u00ed p\u0159edpisy).<\/p>\n\n\n\n<p><strong>Obecn\u00e9 podm\u00ednky p\u0159i zpracov\u00e1n\u00ed osobn\u00edch \u00fadaj\u016f<\/strong><\/p>\n\n\n\n<p>Pro v\u0161echny v\u00fd\u0161e uveden\u00e9 \u00fa\u010dely plat\u00ed, \u017ee:<br>&#8211; Va\u0161e&nbsp;osobn\u00ed \u00fadaje chr\u00e1n\u00edme, aby nedo\u0161lo k jejich neopr\u00e1vn\u011bn\u00e9mu u\u017eit\u00ed \u010di zp\u0159\u00edstupn\u011bn\u00ed osob\u00e1m, kter\u00e9 nejsou opr\u00e1vn\u011bny je zpracov\u00e1vat.<br>&#8211; Va\u0161e&nbsp;osobn\u00ed \u00fadaje nezve\u0159ej\u0148ujeme, pokud k tomu nem\u00e1me V\u00e1\u0161 souhlas.<br>&#8211; Pro zpracov\u00e1n\u00ed Va\u0161ich osobn\u00edch \u00fadaj\u016f&nbsp;vyu\u017e\u00edv\u00e1me slu\u017eeb zpracovatel\u016f&nbsp;\u2013 poskytovatel\u016f IT syst\u00e9m\u016f, p\u0159es kter\u00e9 prob\u00edh\u00e1 registrace, a poskytovatel\u016f server\u016f, kde se \u00fadaje ukl\u00e1daj\u00ed. Bli\u017e\u0161\u00ed informace o zpracovatel\u00edch nezve\u0159ej\u0148ujeme z d\u016fvodu ochrany Va\u0161ich osobn\u00edch \u00fadaj\u016f p\u0159ed jejich neopr\u00e1vn\u011bn\u00fdm z\u00edsk\u00e1n\u00edm z\u00e1sahem t\u0159et\u00ed osoby a z d\u016fvodu ochrany obchodn\u00edho tajemstv\u00ed. Bli\u017e\u0161\u00ed informace lze poskytnout na z\u00e1klad\u011b Va\u0161\u00ed \u017e\u00e1dosti.<\/p>\n\n\n\n<p>Va\u0161e pr\u00e1va<br><strong>M\u00e1te pr\u00e1vo<\/strong>&nbsp;z\u00edskat informace o tom,&nbsp;zda Va\u0161e osobn\u00ed \u00fadaje zpracov\u00e1v\u00e1me nebo nikoliv. Pokud doch\u00e1z\u00ed ke zpracov\u00e1n\u00ed Va\u0161ich osobn\u00edch \u00fadaj\u016f, m\u00e1te sou\u010dasn\u011b pr\u00e1vo&nbsp;<strong>p\u0159\u00edstupu k Va\u0161im osobn\u00edm \u00fadaj\u016fm a k informac\u00edm o zpracov\u00e1n\u00ed.<br><\/strong>Pokud o to po\u017e\u00e1d\u00e1te, na\u0161e spole\u010dnost V\u00e1m poskytne kopii zpracov\u00e1van\u00fdch osobn\u00edch \u00fadaj\u016f. Za dal\u0161\u00ed kopie, kter\u00e9 byste si p\u0159\u00edpadn\u011b vy\u017e\u00e1dali, ji\u017e na\u0161e spole\u010dnost m\u016f\u017ee \u00fa\u010dtovat poplatek na z\u00e1klad\u011b administrativn\u00edch n\u00e1klad\u016f. O v\u00fd\u0161i takov\u00e9ho poplatku V\u00e1s bude na\u0161e spole\u010dnost informovat p\u0159edem.&nbsp;<br>Na\u0161e spole\u010dnost zpracov\u00e1v\u00e1 osobn\u00ed \u00fadaje v dobr\u00e9 v\u00ed\u0159e, \u017ee jde o \u00fadaje p\u0159esn\u00e9 a aktu\u00e1ln\u00ed. V p\u0159\u00edpad\u011b, \u017ee o V\u00e1s zpracov\u00e1v\u00e1me nep\u0159esn\u00e9 nebo ne\u00fapln\u00e9 osobn\u00ed \u00fadaje,&nbsp;<strong>m\u00e1te pr\u00e1vo<\/strong>, abychom takov\u00e9 \u00fadaje na Va\u0161i \u017e\u00e1dost&nbsp;<strong>opravili \u010di doplnili.<br><\/strong>M\u00e1te tzv. \u201epr\u00e1vo b\u00fdt zapomenut\u201c, tedy&nbsp;<strong>pr\u00e1vo na v\u00fdmaz Va\u0161ich osobn\u00edch \u00fadaj\u016f<\/strong>, v p\u0159\u00edpadech, kdy:<br>&#8211; Va\u0161e osobn\u00ed \u00fadaje ji\u017e&nbsp;nejsou pot\u0159ebn\u00e9 pro \u00fa\u010dely, pro kter\u00e9 byly shrom\u00e1\u017ed\u011bny nebo jinak zpracov\u00e1ny<br>&#8211; odvol\u00e1te souhlas, na jeho\u017e z\u00e1klad\u011b byly Va\u0161e \u00fadaje zpracov\u00e1v\u00e1ny, a neexistuje \u017e\u00e1dn\u00fd dal\u0161\u00ed pr\u00e1vn\u00ed d\u016fvod pro zpracov\u00e1n\u00ed<br>&#8211; vznesete n\u00e1mitky&nbsp;proti zpracov\u00e1n\u00ed zalo\u017een\u00e9m na opr\u00e1vn\u011bn\u00e9m z\u00e1jmu nebo ve\u0159ejn\u00e9m z\u00e1jmu a neexistuj\u00ed \u017e\u00e1dn\u00e9 p\u0159eva\u017euj\u00edc\u00ed opr\u00e1vn\u011bn\u00e9 d\u016fvody pro zpracov\u00e1n\u00ed nebo proti zpracov\u00e1n\u00ed pro \u00fa\u010dely p\u0159\u00edm\u00e9ho marketingu<br>&#8211; Va\u0161e osobn\u00ed \u00fadaje&nbsp;byly zpracov\u00e1ny protipr\u00e1vn\u011b<br>V n\u00ed\u017ee popsan\u00fdch p\u0159\u00edpadech V\u00e1m n\u00e1le\u017e\u00ed&nbsp;<strong>pr\u00e1vo na omezen\u00ed zpracov\u00e1n\u00ed<\/strong>&nbsp;Va\u0161ich osobn\u00edch \u00fadaj\u016f:<br>&#8211; pokud&nbsp;pop\u00edr\u00e1te p\u0159esnost&nbsp;Va\u0161ich osobn\u00edch \u00fadaj\u016f, pak na\u0161e spole\u010dnost omez\u00ed zpracov\u00e1n\u00ed na dobu pot\u0159ebnou k tomu, abychom jejich p\u0159esnost ov\u011b\u0159ili<br>&#8211; pokud je zpracov\u00e1n\u00ed Va\u0161ich osobn\u00edch \u00fadaj\u016f protipr\u00e1vn\u00ed, ale&nbsp;\u017e\u00e1d\u00e1te m\u00edsto v\u00fdmazu o omezen\u00ed&nbsp;jejich pou\u017eit\u00ed<br>&#8211; pokud na\u0161e spole\u010dnost Va\u0161e osobn\u00ed \u00fadaje ji\u017e nepot\u0159ebuje pro \u00fa\u010dely zpracov\u00e1n\u00ed, ale&nbsp;\u017e\u00e1d\u00e1te je pro ur\u010den\u00ed, v\u00fdkon nebo obhajobu pr\u00e1vn\u00edch n\u00e1rok\u016f<br>&#8211; pokud vznesete&nbsp;n\u00e1mitky proti zpracov\u00e1n\u00ed zalo\u017een\u00e9m na opr\u00e1vn\u011bn\u00e9m z\u00e1jmu, pak bude zpracov\u00e1n\u00ed omezeno na dobu, dokud nebude ov\u011b\u0159eno, zda opr\u00e1vn\u011bn\u00e9 d\u016fvody na\u0161\u00ed spole\u010dnosti nep\u0159eva\u017euj\u00ed nad Va\u0161imi opr\u00e1vn\u011bn\u00fdmi d\u016fvody uveden\u00fdmi v&nbsp;n\u00e1mitce<br>V dob\u011b omezen\u00ed zpracov\u00e1n\u00ed budeme Va\u0161e osobn\u00ed \u00fadaje&nbsp;zpracov\u00e1vat pouze na z\u00e1klad\u011b Va\u0161eho souhlasu s takov\u00fdm zpracov\u00e1n\u00edm. Omezen\u00ed se nevztahuje na ulo\u017een\u00ed Va\u0161ich osobn\u00edch \u00fadaj\u016f, nebo na jejich zpracov\u00e1n\u00ed z d\u016fvodu ur\u010den\u00ed, v\u00fdkonu nebo obhajoby pr\u00e1vn\u00edch n\u00e1rok\u016f, z d\u016fvodu ochrany pr\u00e1v jin\u00e9 fyzick\u00e9 nebo pr\u00e1vnick\u00e9 osoby nebo z d\u016fvod\u016f d\u016fle\u017eit\u00e9ho ve\u0159ejn\u00e9ho z\u00e1jmu.<br>P\u0159ed obnoven\u00edm zpracov\u00e1n\u00ed Va\u0161ich osobn\u00edch \u00fadaj\u016f V\u00e1s budeme p\u0159edem informovat.<br><strong>Pr\u00e1vo vzn\u00e9st n\u00e1mitku<\/strong>&nbsp;m\u00e1te v p\u0159\u00edpad\u011b, \u017ee Va\u0161e osobn\u00ed \u00fadaje zpracov\u00e1v\u00e1me na z\u00e1klad\u011b opr\u00e1vn\u011bn\u00e9ho z\u00e1jmu (na\u0161eho nebo t\u0159et\u00ed osoby) nebo ve ve\u0159ejn\u00e9m z\u00e1jmu. V p\u0159\u00edpad\u011b Va\u0161\u00ed n\u00e1mitky nebudeme Va\u0161e osobn\u00ed \u00fadaje zpracov\u00e1vat, leda\u017ee m\u00e1me pro takov\u00e9 zpracov\u00e1n\u00ed z\u00e1va\u017en\u00e9 opr\u00e1vn\u011bn\u00e9 d\u016fvody, kter\u00e9 p\u0159eva\u017euj\u00ed nad Va\u0161imi z\u00e1jmy nebo pr\u00e1vy a svobodami, nebo pro ur\u010den\u00ed, v\u00fdkon nebo obhajobu pr\u00e1vn\u00edch n\u00e1rok\u016f. O takov\u00fdch opr\u00e1vn\u011bn\u00fdch d\u016fvodech nebo n\u00e1roc\u00edch V\u00e1s budeme informovat. V p\u0159\u00edpadech, kdy Va\u0161e osobn\u00ed \u00fadaje&nbsp;zpracov\u00e1v\u00e1me pro \u00fa\u010dely p\u0159\u00edm\u00e9ho marketingu, v\u010detn\u011b profilov\u00e1n\u00ed za t\u00edmto \u00fa\u010delem, m\u016f\u017eete n\u00e1mitku vzn\u00e9st kdykoliv. Na z\u00e1klad\u011b takov\u00e9 n\u00e1mitky ji\u017e Va\u0161e osobn\u00ed \u00fadaje pro tyto \u00fa\u010dely nebudeme zpracov\u00e1vat.&nbsp;<br>Ve v\u011bci&nbsp;<strong>zpracov\u00e1n\u00ed Va\u0161ich osobn\u00edch \u00fadaj\u016f<\/strong>&nbsp;se m\u016f\u017eete&nbsp;<strong>obr\u00e1tit na&nbsp;p\u0159\u00edslu\u0161n\u00fd dozorov\u00fd \u00fa\u0159ad<\/strong>&nbsp;v \u010dlensk\u00e9m st\u00e1t\u011b EU. V \u010cesk\u00e9 republice je takov\u00fdm \u00fa\u0159adem&nbsp;\u00da\u0159ad pro ochranu osobn\u00edch \u00fadaj\u016f. Bli\u017e\u0161\u00ed informace o \u00fa\u0159adu a jeho kontaktn\u00ed \u00fadaje najdete na str\u00e1nk\u00e1ch&nbsp;<a href=\"https:\/\/www.uoou.cz\/\" target=\"_blank\" rel=\"noreferrer noopener\">www.uoou.cz<\/a>.<\/p>\n","protected":false},"excerpt":{"rendered":"<p>Na\u0161e spole\u010dnost&nbsp;se v\u011bnuje&nbsp;mimo jin\u00e9 organizaci kongres\u016f, konferenc\u00ed a dal\u0161\u00edch vzd\u011bl\u00e1vac\u00edch a spole\u010densk\u00fdch akc\u00ed. V r\u00e1mci t\u00e9to \u010dinnosti doch\u00e1z\u00ed ke zpracov\u00e1n\u00ed osobn\u00edch \u00fadaj\u016f \u00fa\u010dastn\u00edk\u016f a dal\u0161\u00edch fyzick\u00fdch osob. Informace o zpracov\u00e1n\u00ed osobn\u00edch \u00fadaj\u016fSpr\u00e1vcem Va\u0161ich osobn\u00edch \u00fadaj\u016f je spole\u010dnost Hillary consulting s.r.o., &#8230; <a class=\"more-link\" href=\"https:\/\/aktivnisvet.cz\/?page_id=92\">Read More &raquo;<\/a><\/p>\n","protected":false},"author":2,"featured_media":0,"parent":0,"menu_order":0,"comment_status":"closed","ping_status":"closed","template":"","meta":{"footnotes":""},"class_list":["post-92","page","type-page","status-publish","hentry"],"_links":{"self":[{"href":"https:\/\/aktivnisvet.cz\/index.php?rest_route=\/wp\/v2\/pages\/92"}],"collection":[{"href":"https:\/\/aktivnisvet.cz\/index.php?rest_route=\/wp\/v2\/pages"}],"about":[{"href":"https:\/\/aktivnisvet.cz\/index.php?rest_route=\/wp\/v2\/types\/page"}],"author":[{"embeddable":true,"href":"https:\/\/aktivnisvet.cz\/index.php?rest_route=\/wp\/v2\/users\/2"}],"replies":[{"embeddable":true,"href":"https:\/\/aktivnisvet.cz\/index.php?rest_route=%2Fwp%2Fv2%2Fcomments&post=92"}],"version-history":[{"count":1,"href":"https:\/\/aktivnisvet.cz\/index.php?rest_route=\/wp\/v2\/pages\/92\/revisions"}],"predecessor-version":[{"id":93,"href":"https:\/\/aktivnisvet.cz\/index.php?rest_route=\/wp\/v2\/pages\/92\/revisions\/93"}],"wp:attachment":[{"href":"https:\/\/aktivnisvet.cz\/index.php?rest_route=%2Fwp%2Fv2%2Fmedia&parent=92"}],"curies":[{"name":"wp","href":"https:\/\/api.w.org\/{rel}","templated":true}]}}